{"id":2267,"date":"2026-05-02T19:02:09","date_gmt":"2026-05-02T19:02:09","guid":{"rendered":"https:\/\/bibliothekrehetobel.ch\/wordpress\/?page_id=2267"},"modified":"2026-05-02T19:05:21","modified_gmt":"2026-05-02T19:05:21","slug":"april-pearl-koenigin-der-meere","status":"publish","type":"page","link":"https:\/\/bibliothekrehetobel.ch\/wordpress\/?page_id=2267","title":{"rendered":"April 2026 &#8222;Pearl &#8211; K\u00f6nigin der Meere&#8220;"},"content":{"rendered":"<p><img class=\"details-image\" draggable=\"false\" src=\"http:\/\/bibliothekrehetobel.ch\/wordpress\/wp-content\/uploads\/2026\/05\/pearl-koenigin-der-meere-taschenbuch-elisabeth-herrmann.jpeg\" alt=\"\" \/><\/p>\n<div>\n<p class=\"p1\">Die Autorin von \u00abTeepalast\u00bb und \u00abTeegarten\u00bb, Elisabeth Herrmann, \u00a0taucht in ihrem neuen Buch in die Welt der Piraten ein. Wir befinden uns in der Karibik, die ber\u00fchmtesten aller Piratinnen, Anne Bonny und Mary Read, werden eingekerkert und warten auf ihren Prozess. Wenig bekannt ist, dass Anne Bonny ein Kind hatte. Um dieses M\u00e4dchen spinnt die Autorin eine spannende Geschichte.<\/p>\n<\/div>\n<div>\n<p class=\"p1\">Anne Bonny gelingt es, ihre Tochter dem Piraten Oliver Morrison anzuvertrauen. Dieser hat jedoch keine Zeit f\u00fcr ein kleines M\u00e4dchen und gibt sie einem Kleinkriminellen weiter. Das M\u00e4dchen, das Pearl genannt wird, lernt, wie man sich ein Leben auf der Strasse finanziert: mit Diebstahl und Einbr\u00fcchen, Perlentaucherei und Schmuggel. Bei einem \u00dcberfall auf einen Kutschenkonvoi erbeutet die Bande um Pearl aber keine Sch\u00e4tze, da sie statt reicher Leute eine Gruppe Schauspieler aus London ausraubt. Aus Wut \u00fcber den Fehler werden die Begleitsoldaten ermordet, was bedeutet, dass die Kriminellen ab sofort und jederzeit geh\u00e4ngt werden k\u00f6nnten.<\/p>\n<\/div>\n<div>\n<p class=\"p1\">Mit einer List rettet Pearl die Schauspielgruppe und darf sich einige Tage bei ihnen verstecken. Die Gruppe soll bei einem Fest des britischen Gouverneurs auftreten. Durch Zufall erf\u00e4hrt Pearl, dass dieser einen \u00dcberfall auf spanische Schiffe plant, ihn aber von Oliver Morrison ausf\u00fchren lassen will, damit offiziell keine Briten beteiligt sind, falls etwas schiefgehen sollte. Auf den zu \u00fcberfallenden Schiffen befindet sich eine riesige Perle, die urspr\u00fcnglich Pearls Mutter geh\u00f6rt hatte und den Namen \u00abBonnys Curse\u00bb (Bonnys Fluch) tr\u00e4gt.<\/p>\n<\/div>\n<div>\n<p class=\"p1\">Bevor diese waghalsige Aktion starten kann, wird das Haus des Gouverneurs von gefl\u00fcchteten Sklaven \u00fcberfallen, die unbedingt Friedensverhandlungen wollen, da sie in der Gesellschaft nicht akzeptiert sind. Dazu entf\u00fchren sie die Tochter des Gouverneurs, die sich aber als Schauspielerin Florentine entpuppt, weil sie das Kleid der Tochter tr\u00e4gt. Der Vater der Schauspielerin verspricht, Pearl mit nach England zu nehmen, wenn sie die Tochter gesund zur\u00fcck bringt. Sie gelangt in den Bergen zu den gefl\u00fcchteten Sklaven, wo sie aber sofort gefangen genommen wird.<\/p>\n<\/div>\n<div>\n<p class=\"p1\">Immer wieder im Verlauf der Geschichte wird Pearl als Tochter von Anne Bonny erkannt. Sie erf\u00e4hrt nach und nach, was es mit dem Fluch der Perle auf sich hat und wie ihr Leben mit der Perle verflochten ist.<\/p>\n<\/div>\n<div>\n<p class=\"p1\">Elisabeth Herrmann versteht es meisterhaft, das Leben der kleinen Leute zur damaligen Zeit in der Karibik nachzuzeichnen: die ehemaligen Piraten, die sich mehr schlecht als recht durchschlagen k\u00f6nnen, die geflohenen Sklaven, die vor niemandem sicher sind, die Seeleute, die den Befehlshabern auf den Schiffen ausgeliefert sind, die britischen Auswanderer, die die tropische Hitze mit ihren Kleidern und Per\u00fccken schlecht ertragen und trotzdem daran festhalten wollen, die Schauspielergruppe, die vor einem Skandal in London fl\u00fcchten muss.<\/p>\n<\/div>\n<div>\n<p class=\"p1\">Ein unterhaltsamer historischer Roman mit viel Sinn f\u00fcr Gerechtigkeit.<\/p>\n<\/div>\n<div>\n<p class=\"p1\">Martina Steiner<\/p>\n<\/div>\n","protected":false},"excerpt":{"rendered":"<p>Die Autorin von \u00abTeepalast\u00bb und \u00abTeegarten\u00bb, Elisabeth Herrmann, \u00a0taucht in ihrem neuen Buch in die Welt der Piraten ein. Wir befinden uns in der Karibik, die ber\u00fchmtesten aller Piratinnen, Anne Bonny und Mary Read, werden eingekerkert und warten auf ihren Prozess. Wenig bekannt ist, dass Anne Bonny ein Kind hatte. Um dieses M\u00e4dchen spinnt die &hellip; <a href=\"https:\/\/bibliothekrehetobel.ch\/wordpress\/?page_id=2267\" class=\"more-link\"><span class=\"screen-reader-text\">April 2026 &#8222;Pearl &#8211; K\u00f6nigin der Meere&#8220;<\/span> weiterlesen <span class=\"meta-nav\">&rarr;<\/span><\/a><\/p>\n","protected":false},"author":1,"featured_media":0,"parent":1357,"menu_order":1,"comment_status":"closed","ping_status":"closed","template":"","meta":[],"_links":{"self":[{"href":"https:\/\/bibliothekrehetobel.ch\/wordpress\/index.php?rest_route=\/wp\/v2\/pages\/2267"}],"collection":[{"href":"https:\/\/bibliothekrehetobel.ch\/wordpress\/index.php?rest_route=\/wp\/v2\/pages"}],"about":[{"href":"https:\/\/bibliothekrehetobel.ch\/wordpress\/index.php?rest_route=\/wp\/v2\/types\/page"}],"author":[{"embeddable":true,"href":"https:\/\/bibliothekrehetobel.ch\/wordpress\/index.php?rest_route=\/wp\/v2\/users\/1"}],"replies":[{"embeddable":true,"href":"https:\/\/bibliothekrehetobel.ch\/wordpress\/index.php?rest_route=%2Fwp%2Fv2%2Fcomments&post=2267"}],"version-history":[{"count":4,"href":"https:\/\/bibliothekrehetobel.ch\/wordpress\/index.php?rest_route=\/wp\/v2\/pages\/2267\/revisions"}],"predecessor-version":[{"id":2271,"href":"https:\/\/bibliothekrehetobel.ch\/wordpress\/index.php?rest_route=\/wp\/v2\/pages\/2267\/revisions\/2271"}],"up":[{"embeddable":true,"href":"https:\/\/bibliothekrehetobel.ch\/wordpress\/index.php?rest_route=\/wp\/v2\/pages\/1357"}],"wp:attachment":[{"href":"https:\/\/bibliothekrehetobel.ch\/wordpress\/index.php?rest_route=%2Fwp%2Fv2%2Fmedia&parent=2267"}],"curies":[{"name":"wp","href":"https:\/\/api.w.org\/{rel}","templated":true}]}}