{"id":37,"date":"2014-03-11T15:50:27","date_gmt":"2014-03-11T15:50:27","guid":{"rendered":"http:\/\/bibliothekrehetobel.ch\/wordpress\/?page_id=37"},"modified":"2026-04-05T10:35:30","modified_gmt":"2026-04-05T10:35:30","slug":"home-2","status":"publish","type":"page","link":"https:\/\/bibliothekrehetobel.ch\/wordpress\/","title":{"rendered":"Startseite"},"content":{"rendered":"<p style=\"text-align: center;\"><!--more--><!--more--><img loading=\"lazy\" class=\"wp-image-13 aligncenter\" src=\"http:\/\/bibliothekrehetobel.ch\/wordpress\/wp-content\/uploads\/2014\/03\/Bibliothek-Rehetobel_Image-gross.jpg\" alt=\"Bibliothek Rehetobel_Image gross\" width=\"187\" height=\"160\" \/><\/p>\n<p style=\"text-align: center;\"><span style=\"font-size: 36pt;\">Frohe Ostern<\/span><img class=\"details-image\" draggable=\"false\" src=\"http:\/\/bibliothekrehetobel.ch\/wordpress\/wp-content\/uploads\/2026\/03\/Plakat-FFe26-pdf-1024x731.jpg\" alt=\"\" \/><span style=\"font-size: 18pt;\">In den Fr\u00fchlingsferien haben wir geschlossen und sind ab Freitag, 17. 04.26, wieder f\u00fcr euch da.<\/span><\/p>\n<p><span style=\"font-size: 18pt;\"><strong>HV am 23. 03.26<\/strong><\/span><\/p>\n<p><img class=\"details-image\" style=\"text-align: center;\" draggable=\"false\" src=\"http:\/\/bibliothekrehetobel.ch\/wordpress\/wp-content\/uploads\/2026\/03\/P1012631-1024x768.jpg\" alt=\"\" \/><\/p>\n<p>Im Anschluss an die HV vom 23.03.26 begleitete uns Marianna Buser aus St.Gallen durch eine Welt voller Kochb\u00fccher, Wildkr\u00e4uter, Biol\u00e4den, Brotaufstriche und pers\u00f6nlicher Erlebnisse als K\u00f6chin, G\u00e4rtnerin und Feldbotanikerin.<\/p>\n<p>Diesen Podcast wollen wir euch ans Herz legen:: <a href=\"https:\/\/www.sbd.ch\/de\/ueber-uns\/lieblingsort-bibliothek-236.html\">https:\/\/www.sbd.ch\/de\/ueber-uns\/lieblingsort-bibliothek-236.html<\/a><\/p>\n<div style=\"text-align: left;\">NEUHEITEN Herbst 2025:\u00a0 <a href=\"https:\/\/bibliothekrehetobel.ch\/wordpress\/?page_id=2056\">Neue Medien 2025<\/a><\/div>\n<p>BUCHTIPP: <a href=\"https:\/\/bibliothekrehetobel.ch\/wordpress\/?page_id=2220\">Januar 2026 \u201eIch fahr Pakete aus in Peking\u201c<\/a><br \/>\nBUCHTIPP:\u00a0<a href=\"https:\/\/bibliothekrehetobel.ch\/wordpress\/?page_id=2223\">Februar 2026 \u201eTroph\u00e4e\u201c und \u201eDas Geschenk\u201c<\/a><br \/>\nBUCHTIPP: <a href=\"https:\/\/bibliothekrehetobel.ch\/wordpress\/?page_id=1980\">Buchbesprechungen aus dem \u201eKulturtipp\u201c<\/a> &gt; Leon Engler &#8222;Botanik des Wahnsinns&#8220;<br \/>\nBUCHPR\u00c4SENTATION : <a href=\"https:\/\/bibliothekrehetobel.ch\/wordpress\/?page_id=2088\">Do s\u00f6mmer dehem<\/a><br \/>\nVERANSTALTUNGEN:\u00a0<a href=\"https:\/\/bibliothekrehetobel.ch\/wordpress\/?page_id=1114\">Veranstaltungen<\/a><\/p>\n<p dir=\"ltr\"><strong>\u00d6ffnungszeiten:<\/strong><\/p>\n<p dir=\"ltr\">Dienstag \u00a0 \u00a0 \u00a0 \u00a0 \u00a0 \u00a0 \u00a0 16:30 &#8211; 19:00<\/p>\n<p dir=\"ltr\">Freitag \u00a0 \u00a0 \u00a0 \u00a0 \u00a0 \u00a0 \u00a0 \u00a0 \u00a0 \u00a009:30 &#8211; 11:00 und 16:30 &#8211; 19:00<\/p>\n<p dir=\"ltr\">Schulhaus Dorf, Heidenerstrasse 17, 9038 Rehetobel<\/p>\n<p dir=\"ltr\">Telefon: 071 870 06 50<\/p>\n<p dir=\"ltr\">Mail: <a href=\"mailto:bibliothek@rehetobel.ar.ch\">bibliothek@rehetobel.ar.ch<\/a><\/p>\n","protected":false},"excerpt":{"rendered":"","protected":false},"author":1,"featured_media":0,"parent":0,"menu_order":0,"comment_status":"closed","ping_status":"closed","template":"","meta":[],"_links":{"self":[{"href":"https:\/\/bibliothekrehetobel.ch\/wordpress\/index.php?rest_route=\/wp\/v2\/pages\/37"}],"collection":[{"href":"https:\/\/bibliothekrehetobel.ch\/wordpress\/index.php?rest_route=\/wp\/v2\/pages"}],"about":[{"href":"https:\/\/bibliothekrehetobel.ch\/wordpress\/index.php?rest_route=\/wp\/v2\/types\/page"}],"author":[{"embeddable":true,"href":"https:\/\/bibliothekrehetobel.ch\/wordpress\/index.php?rest_route=\/wp\/v2\/users\/1"}],"replies":[{"embeddable":true,"href":"https:\/\/bibliothekrehetobel.ch\/wordpress\/index.php?rest_route=%2Fwp%2Fv2%2Fcomments&post=37"}],"version-history":[{"count":343,"href":"https:\/\/bibliothekrehetobel.ch\/wordpress\/index.php?rest_route=\/wp\/v2\/pages\/37\/revisions"}],"predecessor-version":[{"id":2242,"href":"https:\/\/bibliothekrehetobel.ch\/wordpress\/index.php?rest_route=\/wp\/v2\/pages\/37\/revisions\/2242"}],"wp:attachment":[{"href":"https:\/\/bibliothekrehetobel.ch\/wordpress\/index.php?rest_route=%2Fwp%2Fv2%2Fmedia&parent=37"}],"curies":[{"name":"wp","href":"https:\/\/api.w.org\/{rel}","templated":true}]}}